{"id":59,"date":"2018-08-01T13:20:57","date_gmt":"2018-08-01T11:20:57","guid":{"rendered":"http:\/\/kbs-wiesbaden.de.w01409b0.kasserver.com\/cms\/?page_id=59"},"modified":"2023-08-10T17:07:21","modified_gmt":"2023-08-10T15:07:21","slug":"bis","status":"publish","type":"page","link":"https:\/\/kbs-wiesbaden.de\/cms\/?page_id=59","title":{"rendered":"Besch\u00e4ftigungsinitiative Sauerland (BIS)"},"content":{"rendered":"\n<p>Die Besch\u00e4ftigungsinitiative Sauerland (BIS) bietet langzeitarbeitslosen Erwachsenen im Rahmen von Arbeitsgelegenheiten die M\u00f6glichkeit der Qualifizierung im Bereich der Garten- und Landschaftspflege. Die Wirkungsst\u00e4tte der Besch\u00e4ftigungsinitiative Sauerland ist das Neubaugebiet Wiesbaden Sauerland.<\/p>\n\n\n\n<figure class=\"wp-block-video\"><video height=\"1080\" style=\"aspect-ratio: 1920 \/ 1080;\" width=\"1920\" autoplay controls src=\"https:\/\/kbs-wiesbaden.de\/cms\/wp-content\/uploads\/2023\/02\/BIS-Sneaky-Riders.mp4\"><\/video><figcaption class=\"wp-element-caption\">Kurzfilm BIS &#8222;Sneaky Riders&#8220;<\/figcaption><\/figure>\n\n\n\n<p class=\"has-black-color has-luminous-vivid-amber-background-color has-text-color has-background has-large-font-size\">Kontakt<\/p>\n\n\n\n<div class=\"wp-block-columns is-layout-flex wp-container-core-columns-is-layout-9d6595d7 wp-block-columns-is-layout-flex\">\n<div class=\"wp-block-column is-layout-flow wp-block-column-is-layout-flow\">\n<figure class=\"wp-block-image size-full is-resized\"><img loading=\"lazy\" decoding=\"async\" src=\"https:\/\/kbs-wiesbaden.de\/cms\/wp-content\/uploads\/2018\/07\/Jan-Matous-1.jpg\" alt=\"\" class=\"wp-image-4530\" style=\"width:237px;height:315px\" width=\"237\" height=\"315\" srcset=\"https:\/\/kbs-wiesbaden.de\/cms\/wp-content\/uploads\/2018\/07\/Jan-Matous-1.jpg 336w, https:\/\/kbs-wiesbaden.de\/cms\/wp-content\/uploads\/2018\/07\/Jan-Matous-1-226x300.jpg 226w\" sizes=\"auto, (max-width: 237px) 100vw, 237px\" \/><\/figure>\n<\/div>\n\n\n\n<div class=\"wp-block-column is-layout-flow wp-block-column-is-layout-flow\">\n<p><strong>Jan Matous<\/strong><\/p>\n\n\n\n<p>Leiter der Besch\u00e4ftigungsinitiative<\/p>\n\n\n\n<p>Diplom-P\u00e4dagoge<\/p>\n\n\n\n<p><strong>Telefon<\/strong>: 0611 \/&nbsp;20517-13<\/p>\n\n\n\n<p><a href=\"mailto:jan.matous@ekhn.de\"><strong>E-Mail<\/strong><\/a>: jan.matous[\u00e4t]ekhn.de<\/p>\n<\/div>\n<\/div>\n\n\n\n<div class=\"wp-block-columns is-layout-flex wp-container-core-columns-is-layout-9d6595d7 wp-block-columns-is-layout-flex\">\n<div class=\"wp-block-column is-layout-flow wp-block-column-is-layout-flow\">\n<p><\/p>\n<\/div>\n\n\n\n<div class=\"wp-block-column is-layout-flow wp-block-column-is-layout-flow\">\n<p><strong>Jurij Lang<\/strong><\/p>\n\n\n\n<p>Fachanleiter<\/p>\n\n\n\n<p><a href=\"mailto:kbs@ekhn.de\">E-Mail<\/a>: kbs.bis[\u00e4t]ekhn.de<\/p>\n<\/div>\n<\/div>\n\n\n\n<p>Die BIS verfolgt mit ihrer Arbeit unterschiedliche Ziele:<\/p>\n\n\n\n<ul class=\"wp-block-list\">\n<li>sozial und\/oder individuell benachteiligten Menschen eine berufliche und gesellschaftliche Integration zu erm\u00f6glichen,<\/li>\n\n\n\n<li>berufliche Qualifikation anzubieten,<\/li>\n\n\n\n<li>Vermittlungshemmnisse zu minimieren,<\/li>\n\n\n\n<li>pers\u00f6nliche und soziale Kompetenzen zu st\u00e4rken,<\/li>\n\n\n\n<li>das \u00c4u\u00dfere Erscheinungsbild des Wohngebietes durch besondere Pflege, Reinigung und Versch\u00f6nerung zu verbessern, um damit zu einem besseren Ruf des Stadtteils beizutragen,<\/li>\n\n\n\n<li>durch Ma\u00dfnahmeteilnehmer, bevorzugt aus dem Stadtteil, die Identifikation der Bewohner mit ihrem Stadtteil zu f\u00f6rdern,<\/li>\n\n\n\n<li>soziale Kontakte zu f\u00f6rdern und zu unterst\u00fctzen,<\/li>\n\n\n\n<li>als Ansprechpartner vor Ort zu sein.<\/li>\n<\/ul>\n\n\n\n<p>Die Besch\u00e4ftigten sind zum einen im Rahmen von Arbeitsgelegenheiten eingesetzt. Sie erhalten f\u00fcr die Dauer der T\u00e4tigkeit zuz\u00fcglich zum Arbeitslosengeld II eine Mehraufwandsentsch\u00e4digung. Diese Teilnehmerpl\u00e4tze werden nach \u00a716 Abs. 3 Satz 2 SGB II finanziert. Diese sieht eine F\u00f6rderungsdauer von 6 Monaten vor, ggf. kann sie auf 9, in Ausnahmef\u00e4llen auf 11 Monate verl\u00e4ngert werden.<\/p>\n\n\n\n<p>Zum anderen bietet die BIS die M\u00f6glichkeit, Menschen Sozialversicherungspflichtig zu besch\u00e4ftigen, die nach \u00a716e SGB II oder \u00a716i (Chance-Teilhabe-Gesetz) gef\u00f6rdert werden k\u00f6nnen.<\/p>\n\n\n\n<p>Die BIS legt w\u00e4hrend der Ma\u00dfnahme sehr gro\u00dfen Wert auf engen und h\u00e4ufigen Kontakt zwischen Teilnehmer, Fachanleiter und p\u00e4dagogischen Fachkr\u00e4ften. Dadurch gew\u00e4hrleisten wir eine bedarfsorientierte Begleitung. Unser Interesse am Entwicklungsprozess des Einzelnen wird f\u00fcr den Teilnehmer erlebbar. Die Teilnehmer genie\u00dfen in der BIS den Vorteil einer kleinen Arbeitsgruppe und somit eine intensive Betreuung. Dies ist besonders f\u00fcr diejenigen hilfreich, die sich in gro\u00dfen Einrichtungen unwohl f\u00fchlen.<\/p>\n\n\n<div class=\"wp-block-image is-style-default\">\n<figure class=\"alignright size-full is-resized\"><img loading=\"lazy\" decoding=\"async\" src=\"https:\/\/kbs-wiesbaden.de\/cms\/wp-content\/uploads\/2023\/08\/image-7.png\" alt=\"\" class=\"wp-image-9749\" style=\"width:218px;height:123px\" width=\"218\" height=\"123\" srcset=\"https:\/\/kbs-wiesbaden.de\/cms\/wp-content\/uploads\/2023\/08\/image-7.png 1024w, https:\/\/kbs-wiesbaden.de\/cms\/wp-content\/uploads\/2023\/08\/image-7-300x169.png 300w, https:\/\/kbs-wiesbaden.de\/cms\/wp-content\/uploads\/2023\/08\/image-7-768x432.png 768w, https:\/\/kbs-wiesbaden.de\/cms\/wp-content\/uploads\/2023\/08\/image-7-520x293.png 520w, https:\/\/kbs-wiesbaden.de\/cms\/wp-content\/uploads\/2023\/08\/image-7-740x416.png 740w\" sizes=\"auto, (max-width: 218px) 100vw, 218px\" \/><\/figure>\n<\/div>\n\n\n<p class=\"has-black-color has-luminous-vivid-amber-background-color has-text-color has-background has-large-font-size\">Aufgaben der Besch\u00e4ftigungsInitiative (BIS)<\/p>\n\n\n\n<ul class=\"wp-block-list\">\n<li>Ger\u00e4te- und Maschinenkunde<\/li>\n\n\n\n<li>Wartung, Pflege und Einsatz von Ger\u00e4ten und Maschinen<\/li>\n\n\n\n<li>Wartung, Pflege und Einsatz der Kehrmaschine Citymaster 300<\/li>\n\n\n\n<li>Einsatz des VW Pritschenwagens<\/li>\n\n\n\n<li>Schnitt-, Pflanz-, M\u00e4h- und Pflegearbeiten<\/li>\n\n\n\n<li>Bodenverarbeitung<\/li>\n\n\n\n<li>Unfallverh\u00fctungsvorschriften<\/li>\n<\/ul>\n\n\n\n<p>Im Rahmen der Ma\u00dfnahme haben die Teilnehmer die Gelegenheit das Berufsbild der Garten und Landschaftspflege und in geringem Umfang Hausmeistert\u00e4tigkeiten kennen zu lernen und sich fachliche Qualifikationen anzueignen. Entsprechend dem T\u00e4tigkeitsbereich und je nach individuellen F\u00e4higkeiten werden unsere Mitarbeiter in folgenden Bereichen qualifiziert:<\/p>\n\n\n\n<p>Des weiteren k\u00f6nnen die Teilnehmer ihre Arbeitstugenden und Schl\u00fcsselqualifikationen \u00fcberpr\u00fcfen und ggf. deren Ausbau f\u00fcr eine weitere berufliche Qualifikation trainieren.<\/p>\n\n\n\n<p>Ein weiterer Bestandteil unserer Arbeit ist die Erstellung von Bewerbungs- unterlagen, die Vermittlung in Praktika und die unterst\u00fctzte Suche nach einem Arbeitsplatz.<\/p>\n\n\n\n<p>Au\u00dferdem k\u00f6nnen wir unseren Teilnehmern durch die Einbettung der Besch\u00e4ftigungsinitiative in die Strukturen des Kinder- und Beratungs- zentrums ein breites Spektrum an individuellen Hilfen schnell und wohnraumnah anbieten. Als immer wieder sehr hilfreich erweisen sich die \u201ckurzen Wege\u201d innerhalb der unterschiedlichen Bereiche des KBS. Diese tragen ma\u00dfgeblich zu schneller und unb\u00fcrokratischer Hilfe bei Fragen der Teilnehmer bei. Hemmschwellen durch lange Wartezeiten und Wege oder unbekannte Adressen sind nicht gegeben.<\/p>\n\n\n\n<figure class=\"wp-block-gallery has-nested-images columns-default is-cropped wp-block-gallery-1 is-layout-flex wp-block-gallery-is-layout-flex\">\n<figure class=\"wp-block-image size-large is-style-default\"><img loading=\"lazy\" decoding=\"async\" width=\"768\" height=\"1024\" data-id=\"9751\" src=\"https:\/\/kbs-wiesbaden.de\/cms\/wp-content\/uploads\/2023\/08\/20210730_102057-2-768x1024-1.jpg\" alt=\"\" class=\"wp-image-9751\" srcset=\"https:\/\/kbs-wiesbaden.de\/cms\/wp-content\/uploads\/2023\/08\/20210730_102057-2-768x1024-1.jpg 768w, https:\/\/kbs-wiesbaden.de\/cms\/wp-content\/uploads\/2023\/08\/20210730_102057-2-768x1024-1-225x300.jpg 225w, https:\/\/kbs-wiesbaden.de\/cms\/wp-content\/uploads\/2023\/08\/20210730_102057-2-768x1024-1-520x693.jpg 520w, https:\/\/kbs-wiesbaden.de\/cms\/wp-content\/uploads\/2023\/08\/20210730_102057-2-768x1024-1-740x987.jpg 740w\" sizes=\"auto, (max-width: 768px) 100vw, 768px\" \/><\/figure>\n\n\n\n<figure class=\"wp-block-image size-large is-style-default\"><img loading=\"lazy\" decoding=\"async\" width=\"1024\" height=\"768\" data-id=\"9752\" src=\"https:\/\/kbs-wiesbaden.de\/cms\/wp-content\/uploads\/2023\/08\/20211013_114751-2-1024x768-1.jpg\" alt=\"\" class=\"wp-image-9752\" srcset=\"https:\/\/kbs-wiesbaden.de\/cms\/wp-content\/uploads\/2023\/08\/20211013_114751-2-1024x768-1.jpg 1024w, https:\/\/kbs-wiesbaden.de\/cms\/wp-content\/uploads\/2023\/08\/20211013_114751-2-1024x768-1-300x225.jpg 300w, https:\/\/kbs-wiesbaden.de\/cms\/wp-content\/uploads\/2023\/08\/20211013_114751-2-1024x768-1-768x576.jpg 768w, https:\/\/kbs-wiesbaden.de\/cms\/wp-content\/uploads\/2023\/08\/20211013_114751-2-1024x768-1-520x390.jpg 520w, https:\/\/kbs-wiesbaden.de\/cms\/wp-content\/uploads\/2023\/08\/20211013_114751-2-1024x768-1-740x555.jpg 740w\" sizes=\"auto, (max-width: 1024px) 100vw, 1024px\" \/><\/figure>\n\n\n\n<figure class=\"wp-block-image size-large is-style-default\"><img loading=\"lazy\" decoding=\"async\" width=\"768\" height=\"1024\" data-id=\"9755\" src=\"https:\/\/kbs-wiesbaden.de\/cms\/wp-content\/uploads\/2023\/08\/IMG_20211005_080453275-768x1024-1.jpg\" alt=\"\" class=\"wp-image-9755\" srcset=\"https:\/\/kbs-wiesbaden.de\/cms\/wp-content\/uploads\/2023\/08\/IMG_20211005_080453275-768x1024-1.jpg 768w, https:\/\/kbs-wiesbaden.de\/cms\/wp-content\/uploads\/2023\/08\/IMG_20211005_080453275-768x1024-1-225x300.jpg 225w, https:\/\/kbs-wiesbaden.de\/cms\/wp-content\/uploads\/2023\/08\/IMG_20211005_080453275-768x1024-1-520x693.jpg 520w, https:\/\/kbs-wiesbaden.de\/cms\/wp-content\/uploads\/2023\/08\/IMG_20211005_080453275-768x1024-1-740x987.jpg 740w\" sizes=\"auto, (max-width: 768px) 100vw, 768px\" \/><\/figure>\n<\/figure>\n\n\n\n<h1 class=\"wp-block-heading has-luminous-vivid-amber-background-color has-background\">Mein Weg zur Inklusion<\/h1>\n\n\n\n<p>Anita Aliju, seit dem 01.07.2020 \u00fcber die BIS im Stadtteilb\u00fcro besch\u00e4ftigt, stellt sich vor.<\/p>\n\n\n\n<figure class=\"wp-block-image size-large\"><a href=\"https:\/\/kbs-wiesbaden.de\/cms\/wp-content\/uploads\/2020\/12\/2020-12-15-Mein-Weg-zur-Inklusion-1-663x1024.jpg\"><img loading=\"lazy\" decoding=\"async\" width=\"663\" height=\"1024\" src=\"https:\/\/kbs-wiesbaden.de\/cms\/wp-content\/uploads\/2020\/12\/2020-12-15-Mein-Weg-zur-Inklusion-1-663x1024.jpg\" alt=\"\" class=\"wp-image-6832\" srcset=\"https:\/\/kbs-wiesbaden.de\/cms\/wp-content\/uploads\/2020\/12\/2020-12-15-Mein-Weg-zur-Inklusion-1-663x1024.jpg 663w, https:\/\/kbs-wiesbaden.de\/cms\/wp-content\/uploads\/2020\/12\/2020-12-15-Mein-Weg-zur-Inklusion-1-194x300.jpg 194w, https:\/\/kbs-wiesbaden.de\/cms\/wp-content\/uploads\/2020\/12\/2020-12-15-Mein-Weg-zur-Inklusion-1-768x1187.jpg 768w, https:\/\/kbs-wiesbaden.de\/cms\/wp-content\/uploads\/2020\/12\/2020-12-15-Mein-Weg-zur-Inklusion-1-994x1536.jpg 994w, https:\/\/kbs-wiesbaden.de\/cms\/wp-content\/uploads\/2020\/12\/2020-12-15-Mein-Weg-zur-Inklusion-1-1325x2048.jpg 1325w, https:\/\/kbs-wiesbaden.de\/cms\/wp-content\/uploads\/2020\/12\/2020-12-15-Mein-Weg-zur-Inklusion-1-520x804.jpg 520w, https:\/\/kbs-wiesbaden.de\/cms\/wp-content\/uploads\/2020\/12\/2020-12-15-Mein-Weg-zur-Inklusion-1-740x1144.jpg 740w, https:\/\/kbs-wiesbaden.de\/cms\/wp-content\/uploads\/2020\/12\/2020-12-15-Mein-Weg-zur-Inklusion-1.jpg 1650w\" sizes=\"auto, (max-width: 663px) 100vw, 663px\" \/><\/a><\/figure>\n\n\n\n<h1 class=\"wp-block-heading\">Was f\u00fcr viele absolut normal ist, ist f\u00fcr mich nun endlich auch normal.<\/h1>\n\n\n\n<p>Andreas Hamm, bei der BIS seit 2019 \u00fcber seinen langen Weg zum KBS<\/p>\n\n\n\n<figure class=\"wp-block-image size-large\"><img loading=\"lazy\" decoding=\"async\" width=\"724\" height=\"1024\" src=\"https:\/\/kbs-wiesbaden.de\/cms\/wp-content\/uploads\/2021\/01\/2020-12-18-Hamm16i-001-724x1024.jpg\" alt=\"\" class=\"wp-image-6873\" srcset=\"https:\/\/kbs-wiesbaden.de\/cms\/wp-content\/uploads\/2021\/01\/2020-12-18-Hamm16i-001-724x1024.jpg 724w, https:\/\/kbs-wiesbaden.de\/cms\/wp-content\/uploads\/2021\/01\/2020-12-18-Hamm16i-001-212x300.jpg 212w, https:\/\/kbs-wiesbaden.de\/cms\/wp-content\/uploads\/2021\/01\/2020-12-18-Hamm16i-001-768x1086.jpg 768w, https:\/\/kbs-wiesbaden.de\/cms\/wp-content\/uploads\/2021\/01\/2020-12-18-Hamm16i-001-1086x1536.jpg 1086w, https:\/\/kbs-wiesbaden.de\/cms\/wp-content\/uploads\/2021\/01\/2020-12-18-Hamm16i-001-520x736.jpg 520w, https:\/\/kbs-wiesbaden.de\/cms\/wp-content\/uploads\/2021\/01\/2020-12-18-Hamm16i-001-740x1047.jpg 740w, https:\/\/kbs-wiesbaden.de\/cms\/wp-content\/uploads\/2021\/01\/2020-12-18-Hamm16i-001.jpg 1240w\" sizes=\"auto, (max-width: 724px) 100vw, 724px\" \/><\/figure>\n\n\n\n<figure class=\"wp-block-image size-large\"><img loading=\"lazy\" decoding=\"async\" width=\"724\" height=\"1024\" src=\"https:\/\/kbs-wiesbaden.de\/cms\/wp-content\/uploads\/2021\/01\/2020-12-18-Hamm16i-002-724x1024.jpg\" alt=\"\" class=\"wp-image-6874\" srcset=\"https:\/\/kbs-wiesbaden.de\/cms\/wp-content\/uploads\/2021\/01\/2020-12-18-Hamm16i-002-724x1024.jpg 724w, https:\/\/kbs-wiesbaden.de\/cms\/wp-content\/uploads\/2021\/01\/2020-12-18-Hamm16i-002-212x300.jpg 212w, https:\/\/kbs-wiesbaden.de\/cms\/wp-content\/uploads\/2021\/01\/2020-12-18-Hamm16i-002-768x1086.jpg 768w, https:\/\/kbs-wiesbaden.de\/cms\/wp-content\/uploads\/2021\/01\/2020-12-18-Hamm16i-002-1086x1536.jpg 1086w, https:\/\/kbs-wiesbaden.de\/cms\/wp-content\/uploads\/2021\/01\/2020-12-18-Hamm16i-002-520x736.jpg 520w, https:\/\/kbs-wiesbaden.de\/cms\/wp-content\/uploads\/2021\/01\/2020-12-18-Hamm16i-002-740x1047.jpg 740w, https:\/\/kbs-wiesbaden.de\/cms\/wp-content\/uploads\/2021\/01\/2020-12-18-Hamm16i-002.jpg 1240w\" sizes=\"auto, (max-width: 724px) 100vw, 724px\" \/><\/figure>\n","protected":false},"excerpt":{"rendered":"<p>Die Besch\u00e4ftigungsinitiative Sauerland (BIS) bietet langzeitarbeitslosen Erwachsenen im Rahmen von Arbeitsgelegenheiten die M\u00f6glichkeit der Qualifizierung im Bereich der Garten- und Landschaftspflege. Die Wirkungsst\u00e4tte der Besch\u00e4ftigungsinitiative Sauerland ist das Neubaugebiet Wiesbaden Sauerland. Kontakt Jan Matous Leiter<a class=\"read-more\" href=\"https:\/\/kbs-wiesbaden.de\/cms\/?page_id=59\">&#8230; lesen Sie mehr.<\/a><\/p>\n","protected":false},"author":7,"featured_media":3776,"parent":5766,"menu_order":0,"comment_status":"closed","ping_status":"closed","template":"","meta":{"advanced_seo_description":"","jetpack_seo_html_title":"","jetpack_seo_noindex":false,"two_page_speed":[],"footnotes":""},"categories":[95],"tags":[],"class_list":["post-59","page","type-page","status-publish","has-post-thumbnail","hentry","category-corona-kreativ"],"jetpack_sharing_enabled":true,"_links":{"self":[{"href":"https:\/\/kbs-wiesbaden.de\/cms\/index.php?rest_route=\/wp\/v2\/pages\/59","targetHints":{"allow":["GET"]}}],"collection":[{"href":"https:\/\/kbs-wiesbaden.de\/cms\/index.php?rest_route=\/wp\/v2\/pages"}],"about":[{"href":"https:\/\/kbs-wiesbaden.de\/cms\/index.php?rest_route=\/wp\/v2\/types\/page"}],"author":[{"embeddable":true,"href":"https:\/\/kbs-wiesbaden.de\/cms\/index.php?rest_route=\/wp\/v2\/users\/7"}],"replies":[{"embeddable":true,"href":"https:\/\/kbs-wiesbaden.de\/cms\/index.php?rest_route=%2Fwp%2Fv2%2Fcomments&post=59"}],"version-history":[{"count":30,"href":"https:\/\/kbs-wiesbaden.de\/cms\/index.php?rest_route=\/wp\/v2\/pages\/59\/revisions"}],"predecessor-version":[{"id":9775,"href":"https:\/\/kbs-wiesbaden.de\/cms\/index.php?rest_route=\/wp\/v2\/pages\/59\/revisions\/9775"}],"up":[{"embeddable":true,"href":"https:\/\/kbs-wiesbaden.de\/cms\/index.php?rest_route=\/wp\/v2\/pages\/5766"}],"wp:featuredmedia":[{"embeddable":true,"href":"https:\/\/kbs-wiesbaden.de\/cms\/index.php?rest_route=\/wp\/v2\/media\/3776"}],"wp:attachment":[{"href":"https:\/\/kbs-wiesbaden.de\/cms\/index.php?rest_route=%2Fwp%2Fv2%2Fmedia&parent=59"}],"wp:term":[{"taxonomy":"category","embeddable":true,"href":"https:\/\/kbs-wiesbaden.de\/cms\/index.php?rest_route=%2Fwp%2Fv2%2Fcategories&post=59"},{"taxonomy":"post_tag","embeddable":true,"href":"https:\/\/kbs-wiesbaden.de\/cms\/index.php?rest_route=%2Fwp%2Fv2%2Ftags&post=59"}],"curies":[{"name":"wp","href":"https:\/\/api.w.org\/{rel}","templated":true}]}}