{"id":5365,"date":"2020-03-18T12:38:51","date_gmt":"2020-03-18T11:38:51","guid":{"rendered":"http:\/\/kbs-wiesbaden.de\/cms\/?page_id=5365"},"modified":"2025-04-23T16:27:54","modified_gmt":"2025-04-23T14:27:54","slug":"kiez","status":"publish","type":"page","link":"https:\/\/kbs-wiesbaden.de\/cms\/?page_id=5365","title":{"rendered":"KiEZ Sauerland"},"content":{"rendered":"\n<ul class=\"wp-block-list\">\n<li>Das KiEZ (Kinder-Eltern-Zentrum) ist eine Anlaufstelle vor Ort f\u00fcr Eltern aus dem Stadtteil Wiesbaden Sauerland.<\/li>\n\n\n\n<li>KiEZ-Angebote stehen allen Eltern des Stadtteils offen, richten sich an Eltern mit ihren Kindern<\/li>\n\n\n\n<li>Das KiEZ bietet Eltern mit Kindern im Alter von null bis zehn Jahren und Schwangeren einen Ort der Begegnung und Vernetzung. Dies sind z.B. alle Formen von Elterncaf\u00e9s, Themencaf\u00e9s, Familienausfl\u00fcge und -freizeiten, Vater-und-Kind-Angebote<\/li>\n\n\n\n<li>Es h\u00e4lt Informationen zu allen Themen, die die Kindererziehung und -betreuung und das Zusammenleben als Familie betreffen, bereit.<\/li>\n<\/ul>\n\n\n\n<p class=\"has-black-color has-luminous-vivid-amber-background-color has-text-color has-background has-small-font-size\">Kontakt<\/p>\n\n\n\n<figure class=\"wp-block-image size-full is-style-default\"><img loading=\"lazy\" decoding=\"async\" width=\"300\" height=\"200\" src=\"https:\/\/kbs-wiesbaden.de\/cms\/wp-content\/uploads\/2023\/08\/image-14.png\" alt=\"\" class=\"wp-image-9804\"\/><figcaption class=\"wp-element-caption\"><strong>Jan Matous<\/strong><br>0611 \/&nbsp;20517-13<br><a href=\"mailto:jan.matous@ekhn.de\"><strong>E-Mail<\/strong><\/a>: jan.matous[\u00e4t]ekhn.de<\/figcaption><\/figure>\n\n\n\n<p class=\"has-black-color has-luminous-vivid-amber-background-color has-text-color has-background has-small-font-size\">Angebote<\/p>\n\n\n\n<figure class=\"wp-block-image size-large is-style-default\"><img loading=\"lazy\" decoding=\"async\" width=\"1024\" height=\"724\" src=\"https:\/\/kbs-wiesbaden.de\/cms\/wp-content\/uploads\/2021\/06\/2025-02-11-Wochenplan-KiEZ-1024x724.jpg\" alt=\"\" class=\"wp-image-10969\" srcset=\"https:\/\/kbs-wiesbaden.de\/cms\/wp-content\/uploads\/2021\/06\/2025-02-11-Wochenplan-KiEZ-1024x724.jpg 1024w, https:\/\/kbs-wiesbaden.de\/cms\/wp-content\/uploads\/2021\/06\/2025-02-11-Wochenplan-KiEZ-300x212.jpg 300w, https:\/\/kbs-wiesbaden.de\/cms\/wp-content\/uploads\/2021\/06\/2025-02-11-Wochenplan-KiEZ-768x543.jpg 768w, https:\/\/kbs-wiesbaden.de\/cms\/wp-content\/uploads\/2021\/06\/2025-02-11-Wochenplan-KiEZ-1536x1086.jpg 1536w, https:\/\/kbs-wiesbaden.de\/cms\/wp-content\/uploads\/2021\/06\/2025-02-11-Wochenplan-KiEZ-520x368.jpg 520w, https:\/\/kbs-wiesbaden.de\/cms\/wp-content\/uploads\/2021\/06\/2025-02-11-Wochenplan-KiEZ-740x523.jpg 740w, https:\/\/kbs-wiesbaden.de\/cms\/wp-content\/uploads\/2021\/06\/2025-02-11-Wochenplan-KiEZ-600x424.jpg 600w, https:\/\/kbs-wiesbaden.de\/cms\/wp-content\/uploads\/2021\/06\/2025-02-11-Wochenplan-KiEZ.jpg 1754w\" sizes=\"auto, (max-width: 1024px) 100vw, 1024px\" \/><\/figure>\n\n\n\n<figure class=\"wp-block-gallery has-nested-images columns-default is-cropped wp-block-gallery-1 is-layout-flex wp-block-gallery-is-layout-flex\">\n<figure class=\"wp-block-image size-medium is-style-default\"><img loading=\"lazy\" decoding=\"async\" width=\"225\" height=\"300\" data-id=\"9705\" src=\"https:\/\/kbs-wiesbaden.de\/cms\/wp-content\/uploads\/2023\/08\/20230720_094505-225x300.jpg\" alt=\"\" class=\"wp-image-9705\" srcset=\"https:\/\/kbs-wiesbaden.de\/cms\/wp-content\/uploads\/2023\/08\/20230720_094505-225x300.jpg 225w, https:\/\/kbs-wiesbaden.de\/cms\/wp-content\/uploads\/2023\/08\/20230720_094505-768x1024.jpg 768w, https:\/\/kbs-wiesbaden.de\/cms\/wp-content\/uploads\/2023\/08\/20230720_094505-1152x1536.jpg 1152w, https:\/\/kbs-wiesbaden.de\/cms\/wp-content\/uploads\/2023\/08\/20230720_094505-1536x2048.jpg 1536w, https:\/\/kbs-wiesbaden.de\/cms\/wp-content\/uploads\/2023\/08\/20230720_094505-520x693.jpg 520w, https:\/\/kbs-wiesbaden.de\/cms\/wp-content\/uploads\/2023\/08\/20230720_094505-740x987.jpg 740w, https:\/\/kbs-wiesbaden.de\/cms\/wp-content\/uploads\/2023\/08\/20230720_094505-scaled.jpg 1920w\" sizes=\"auto, (max-width: 225px) 100vw, 225px\" \/><\/figure>\n\n\n\n<figure class=\"wp-block-image size-large is-style-default\"><img loading=\"lazy\" decoding=\"async\" width=\"1024\" height=\"768\" data-id=\"9704\" src=\"https:\/\/kbs-wiesbaden.de\/cms\/wp-content\/uploads\/2023\/08\/20230720_093624-1024x768.jpg\" alt=\"\" class=\"wp-image-9704\" srcset=\"https:\/\/kbs-wiesbaden.de\/cms\/wp-content\/uploads\/2023\/08\/20230720_093624-1024x768.jpg 1024w, https:\/\/kbs-wiesbaden.de\/cms\/wp-content\/uploads\/2023\/08\/20230720_093624-300x225.jpg 300w, https:\/\/kbs-wiesbaden.de\/cms\/wp-content\/uploads\/2023\/08\/20230720_093624-768x576.jpg 768w, https:\/\/kbs-wiesbaden.de\/cms\/wp-content\/uploads\/2023\/08\/20230720_093624-1536x1152.jpg 1536w, https:\/\/kbs-wiesbaden.de\/cms\/wp-content\/uploads\/2023\/08\/20230720_093624-2048x1536.jpg 2048w, https:\/\/kbs-wiesbaden.de\/cms\/wp-content\/uploads\/2023\/08\/20230720_093624-520x390.jpg 520w, https:\/\/kbs-wiesbaden.de\/cms\/wp-content\/uploads\/2023\/08\/20230720_093624-740x555.jpg 740w\" sizes=\"auto, (max-width: 1024px) 100vw, 1024px\" \/><\/figure>\n\n\n\n<figure class=\"wp-block-image size-large is-style-default\"><img loading=\"lazy\" decoding=\"async\" width=\"1024\" height=\"768\" data-id=\"9700\" src=\"https:\/\/kbs-wiesbaden.de\/cms\/wp-content\/uploads\/2023\/08\/20230525_104430-1024x768.jpg\" alt=\"\" class=\"wp-image-9700\" srcset=\"https:\/\/kbs-wiesbaden.de\/cms\/wp-content\/uploads\/2023\/08\/20230525_104430-1024x768.jpg 1024w, https:\/\/kbs-wiesbaden.de\/cms\/wp-content\/uploads\/2023\/08\/20230525_104430-300x225.jpg 300w, https:\/\/kbs-wiesbaden.de\/cms\/wp-content\/uploads\/2023\/08\/20230525_104430-768x576.jpg 768w, https:\/\/kbs-wiesbaden.de\/cms\/wp-content\/uploads\/2023\/08\/20230525_104430-1536x1152.jpg 1536w, https:\/\/kbs-wiesbaden.de\/cms\/wp-content\/uploads\/2023\/08\/20230525_104430-2048x1536.jpg 2048w, https:\/\/kbs-wiesbaden.de\/cms\/wp-content\/uploads\/2023\/08\/20230525_104430-520x390.jpg 520w, https:\/\/kbs-wiesbaden.de\/cms\/wp-content\/uploads\/2023\/08\/20230525_104430-740x555.jpg 740w\" sizes=\"auto, (max-width: 1024px) 100vw, 1024px\" \/><\/figure>\n\n\n\n<figure class=\"wp-block-image size-large is-style-default\"><img loading=\"lazy\" decoding=\"async\" width=\"768\" height=\"1024\" data-id=\"9698\" src=\"https:\/\/kbs-wiesbaden.de\/cms\/wp-content\/uploads\/2023\/08\/20230622_110536-768x1024.jpg\" alt=\"\" class=\"wp-image-9698\" srcset=\"https:\/\/kbs-wiesbaden.de\/cms\/wp-content\/uploads\/2023\/08\/20230622_110536-768x1024.jpg 768w, https:\/\/kbs-wiesbaden.de\/cms\/wp-content\/uploads\/2023\/08\/20230622_110536-225x300.jpg 225w, https:\/\/kbs-wiesbaden.de\/cms\/wp-content\/uploads\/2023\/08\/20230622_110536-1152x1536.jpg 1152w, https:\/\/kbs-wiesbaden.de\/cms\/wp-content\/uploads\/2023\/08\/20230622_110536-1536x2048.jpg 1536w, https:\/\/kbs-wiesbaden.de\/cms\/wp-content\/uploads\/2023\/08\/20230622_110536-520x693.jpg 520w, https:\/\/kbs-wiesbaden.de\/cms\/wp-content\/uploads\/2023\/08\/20230622_110536-740x987.jpg 740w, https:\/\/kbs-wiesbaden.de\/cms\/wp-content\/uploads\/2023\/08\/20230622_110536-scaled.jpg 1920w\" sizes=\"auto, (max-width: 768px) 100vw, 768px\" \/><\/figure>\n\n\n\n<figure class=\"wp-block-image size-large is-style-default\"><img loading=\"lazy\" decoding=\"async\" width=\"1024\" height=\"768\" data-id=\"9695\" src=\"https:\/\/kbs-wiesbaden.de\/cms\/wp-content\/uploads\/2023\/08\/20230503_100836-1024x768.jpg\" alt=\"\" class=\"wp-image-9695\" srcset=\"https:\/\/kbs-wiesbaden.de\/cms\/wp-content\/uploads\/2023\/08\/20230503_100836-1024x768.jpg 1024w, https:\/\/kbs-wiesbaden.de\/cms\/wp-content\/uploads\/2023\/08\/20230503_100836-300x225.jpg 300w, https:\/\/kbs-wiesbaden.de\/cms\/wp-content\/uploads\/2023\/08\/20230503_100836-768x576.jpg 768w, https:\/\/kbs-wiesbaden.de\/cms\/wp-content\/uploads\/2023\/08\/20230503_100836-1536x1152.jpg 1536w, https:\/\/kbs-wiesbaden.de\/cms\/wp-content\/uploads\/2023\/08\/20230503_100836-2048x1536.jpg 2048w, https:\/\/kbs-wiesbaden.de\/cms\/wp-content\/uploads\/2023\/08\/20230503_100836-520x390.jpg 520w, https:\/\/kbs-wiesbaden.de\/cms\/wp-content\/uploads\/2023\/08\/20230503_100836-740x555.jpg 740w\" sizes=\"auto, (max-width: 1024px) 100vw, 1024px\" \/><\/figure>\n\n\n\n<figure class=\"wp-block-image size-large is-style-default\"><img loading=\"lazy\" decoding=\"async\" width=\"1024\" height=\"768\" data-id=\"9688\" src=\"https:\/\/kbs-wiesbaden.de\/cms\/wp-content\/uploads\/2023\/08\/20230201_095614-1024x768.jpg\" alt=\"\" class=\"wp-image-9688\" srcset=\"https:\/\/kbs-wiesbaden.de\/cms\/wp-content\/uploads\/2023\/08\/20230201_095614-1024x768.jpg 1024w, https:\/\/kbs-wiesbaden.de\/cms\/wp-content\/uploads\/2023\/08\/20230201_095614-300x225.jpg 300w, https:\/\/kbs-wiesbaden.de\/cms\/wp-content\/uploads\/2023\/08\/20230201_095614-768x576.jpg 768w, https:\/\/kbs-wiesbaden.de\/cms\/wp-content\/uploads\/2023\/08\/20230201_095614-1536x1152.jpg 1536w, https:\/\/kbs-wiesbaden.de\/cms\/wp-content\/uploads\/2023\/08\/20230201_095614-2048x1536.jpg 2048w, https:\/\/kbs-wiesbaden.de\/cms\/wp-content\/uploads\/2023\/08\/20230201_095614-520x390.jpg 520w, https:\/\/kbs-wiesbaden.de\/cms\/wp-content\/uploads\/2023\/08\/20230201_095614-740x555.jpg 740w\" sizes=\"auto, (max-width: 1024px) 100vw, 1024px\" \/><\/figure>\n\n\n\n<figure class=\"wp-block-image size-large is-style-default\"><img loading=\"lazy\" decoding=\"async\" width=\"576\" height=\"1024\" data-id=\"9686\" src=\"https:\/\/kbs-wiesbaden.de\/cms\/wp-content\/uploads\/2023\/08\/Image20230712124930-576x1024.jpg\" alt=\"\" class=\"wp-image-9686\" srcset=\"https:\/\/kbs-wiesbaden.de\/cms\/wp-content\/uploads\/2023\/08\/Image20230712124930-576x1024.jpg 576w, https:\/\/kbs-wiesbaden.de\/cms\/wp-content\/uploads\/2023\/08\/Image20230712124930-169x300.jpg 169w, https:\/\/kbs-wiesbaden.de\/cms\/wp-content\/uploads\/2023\/08\/Image20230712124930-768x1365.jpg 768w, https:\/\/kbs-wiesbaden.de\/cms\/wp-content\/uploads\/2023\/08\/Image20230712124930-864x1536.jpg 864w, https:\/\/kbs-wiesbaden.de\/cms\/wp-content\/uploads\/2023\/08\/Image20230712124930-520x924.jpg 520w, https:\/\/kbs-wiesbaden.de\/cms\/wp-content\/uploads\/2023\/08\/Image20230712124930-740x1316.jpg 740w, https:\/\/kbs-wiesbaden.de\/cms\/wp-content\/uploads\/2023\/08\/Image20230712124930.jpg 1080w\" sizes=\"auto, (max-width: 576px) 100vw, 576px\" \/><\/figure>\n\n\n\n<figure class=\"wp-block-image size-large is-style-default\"><img loading=\"lazy\" decoding=\"async\" width=\"1024\" height=\"768\" data-id=\"9679\" src=\"https:\/\/kbs-wiesbaden.de\/cms\/wp-content\/uploads\/2023\/08\/20230602_193847-1024x768.jpg\" alt=\"\" class=\"wp-image-9679\" srcset=\"https:\/\/kbs-wiesbaden.de\/cms\/wp-content\/uploads\/2023\/08\/20230602_193847-1024x768.jpg 1024w, https:\/\/kbs-wiesbaden.de\/cms\/wp-content\/uploads\/2023\/08\/20230602_193847-300x225.jpg 300w, https:\/\/kbs-wiesbaden.de\/cms\/wp-content\/uploads\/2023\/08\/20230602_193847-768x576.jpg 768w, https:\/\/kbs-wiesbaden.de\/cms\/wp-content\/uploads\/2023\/08\/20230602_193847-1536x1152.jpg 1536w, https:\/\/kbs-wiesbaden.de\/cms\/wp-content\/uploads\/2023\/08\/20230602_193847-2048x1536.jpg 2048w, https:\/\/kbs-wiesbaden.de\/cms\/wp-content\/uploads\/2023\/08\/20230602_193847-520x390.jpg 520w, https:\/\/kbs-wiesbaden.de\/cms\/wp-content\/uploads\/2023\/08\/20230602_193847-740x555.jpg 740w\" sizes=\"auto, (max-width: 1024px) 100vw, 1024px\" \/><\/figure>\n\n\n\n<figure class=\"wp-block-image size-large is-style-default\"><img loading=\"lazy\" decoding=\"async\" width=\"1024\" height=\"768\" data-id=\"9683\" src=\"https:\/\/kbs-wiesbaden.de\/cms\/wp-content\/uploads\/2023\/08\/20230621_163102-1024x768.jpg\" alt=\"\" class=\"wp-image-9683\" srcset=\"https:\/\/kbs-wiesbaden.de\/cms\/wp-content\/uploads\/2023\/08\/20230621_163102-1024x768.jpg 1024w, https:\/\/kbs-wiesbaden.de\/cms\/wp-content\/uploads\/2023\/08\/20230621_163102-300x225.jpg 300w, https:\/\/kbs-wiesbaden.de\/cms\/wp-content\/uploads\/2023\/08\/20230621_163102-768x576.jpg 768w, https:\/\/kbs-wiesbaden.de\/cms\/wp-content\/uploads\/2023\/08\/20230621_163102-1536x1152.jpg 1536w, https:\/\/kbs-wiesbaden.de\/cms\/wp-content\/uploads\/2023\/08\/20230621_163102-2048x1536.jpg 2048w, https:\/\/kbs-wiesbaden.de\/cms\/wp-content\/uploads\/2023\/08\/20230621_163102-520x390.jpg 520w, https:\/\/kbs-wiesbaden.de\/cms\/wp-content\/uploads\/2023\/08\/20230621_163102-740x555.jpg 740w\" sizes=\"auto, (max-width: 1024px) 100vw, 1024px\" \/><\/figure>\n\n\n\n<figure class=\"wp-block-image size-large is-style-default\"><img loading=\"lazy\" decoding=\"async\" width=\"1024\" height=\"768\" data-id=\"9681\" src=\"https:\/\/kbs-wiesbaden.de\/cms\/wp-content\/uploads\/2023\/08\/Inked20230602_182325-1024x768.jpg\" alt=\"\" class=\"wp-image-9681\" srcset=\"https:\/\/kbs-wiesbaden.de\/cms\/wp-content\/uploads\/2023\/08\/Inked20230602_182325-1024x768.jpg 1024w, https:\/\/kbs-wiesbaden.de\/cms\/wp-content\/uploads\/2023\/08\/Inked20230602_182325-300x225.jpg 300w, https:\/\/kbs-wiesbaden.de\/cms\/wp-content\/uploads\/2023\/08\/Inked20230602_182325-768x576.jpg 768w, https:\/\/kbs-wiesbaden.de\/cms\/wp-content\/uploads\/2023\/08\/Inked20230602_182325-1536x1152.jpg 1536w, https:\/\/kbs-wiesbaden.de\/cms\/wp-content\/uploads\/2023\/08\/Inked20230602_182325-2048x1536.jpg 2048w, https:\/\/kbs-wiesbaden.de\/cms\/wp-content\/uploads\/2023\/08\/Inked20230602_182325-520x390.jpg 520w, https:\/\/kbs-wiesbaden.de\/cms\/wp-content\/uploads\/2023\/08\/Inked20230602_182325-740x555.jpg 740w\" sizes=\"auto, (max-width: 1024px) 100vw, 1024px\" \/><\/figure>\n\n\n\n<figure class=\"wp-block-image size-large is-style-default\"><img loading=\"lazy\" decoding=\"async\" width=\"1024\" height=\"768\" data-id=\"9676\" src=\"https:\/\/kbs-wiesbaden.de\/cms\/wp-content\/uploads\/2023\/08\/20230524_153755-1024x768.jpg\" alt=\"\" class=\"wp-image-9676\" srcset=\"https:\/\/kbs-wiesbaden.de\/cms\/wp-content\/uploads\/2023\/08\/20230524_153755-1024x768.jpg 1024w, https:\/\/kbs-wiesbaden.de\/cms\/wp-content\/uploads\/2023\/08\/20230524_153755-300x225.jpg 300w, https:\/\/kbs-wiesbaden.de\/cms\/wp-content\/uploads\/2023\/08\/20230524_153755-768x576.jpg 768w, https:\/\/kbs-wiesbaden.de\/cms\/wp-content\/uploads\/2023\/08\/20230524_153755-1536x1152.jpg 1536w, https:\/\/kbs-wiesbaden.de\/cms\/wp-content\/uploads\/2023\/08\/20230524_153755-2048x1536.jpg 2048w, https:\/\/kbs-wiesbaden.de\/cms\/wp-content\/uploads\/2023\/08\/20230524_153755-520x390.jpg 520w, https:\/\/kbs-wiesbaden.de\/cms\/wp-content\/uploads\/2023\/08\/20230524_153755-740x555.jpg 740w\" sizes=\"auto, (max-width: 1024px) 100vw, 1024px\" \/><\/figure>\n\n\n\n<figure class=\"wp-block-image size-large is-style-default\"><img loading=\"lazy\" decoding=\"async\" width=\"768\" height=\"1024\" data-id=\"9677\" src=\"https:\/\/kbs-wiesbaden.de\/cms\/wp-content\/uploads\/2023\/08\/20230524_170331-768x1024.jpg\" alt=\"\" class=\"wp-image-9677\" srcset=\"https:\/\/kbs-wiesbaden.de\/cms\/wp-content\/uploads\/2023\/08\/20230524_170331-768x1024.jpg 768w, https:\/\/kbs-wiesbaden.de\/cms\/wp-content\/uploads\/2023\/08\/20230524_170331-225x300.jpg 225w, https:\/\/kbs-wiesbaden.de\/cms\/wp-content\/uploads\/2023\/08\/20230524_170331-1152x1536.jpg 1152w, https:\/\/kbs-wiesbaden.de\/cms\/wp-content\/uploads\/2023\/08\/20230524_170331-1536x2048.jpg 1536w, https:\/\/kbs-wiesbaden.de\/cms\/wp-content\/uploads\/2023\/08\/20230524_170331-520x693.jpg 520w, https:\/\/kbs-wiesbaden.de\/cms\/wp-content\/uploads\/2023\/08\/20230524_170331-740x987.jpg 740w, https:\/\/kbs-wiesbaden.de\/cms\/wp-content\/uploads\/2023\/08\/20230524_170331-scaled.jpg 1920w\" sizes=\"auto, (max-width: 768px) 100vw, 768px\" \/><\/figure>\n\n\n\n<figure class=\"wp-block-image size-large is-style-default\"><img loading=\"lazy\" decoding=\"async\" width=\"1024\" height=\"768\" data-id=\"9673\" src=\"https:\/\/kbs-wiesbaden.de\/cms\/wp-content\/uploads\/2023\/08\/20230524_163527-1024x768.jpg\" alt=\"\" class=\"wp-image-9673\" srcset=\"https:\/\/kbs-wiesbaden.de\/cms\/wp-content\/uploads\/2023\/08\/20230524_163527-1024x768.jpg 1024w, https:\/\/kbs-wiesbaden.de\/cms\/wp-content\/uploads\/2023\/08\/20230524_163527-300x225.jpg 300w, https:\/\/kbs-wiesbaden.de\/cms\/wp-content\/uploads\/2023\/08\/20230524_163527-768x576.jpg 768w, https:\/\/kbs-wiesbaden.de\/cms\/wp-content\/uploads\/2023\/08\/20230524_163527-1536x1152.jpg 1536w, https:\/\/kbs-wiesbaden.de\/cms\/wp-content\/uploads\/2023\/08\/20230524_163527-2048x1536.jpg 2048w, https:\/\/kbs-wiesbaden.de\/cms\/wp-content\/uploads\/2023\/08\/20230524_163527-520x390.jpg 520w, https:\/\/kbs-wiesbaden.de\/cms\/wp-content\/uploads\/2023\/08\/20230524_163527-740x555.jpg 740w\" sizes=\"auto, (max-width: 1024px) 100vw, 1024px\" \/><\/figure>\n\n\n\n<figure class=\"wp-block-image size-large is-style-default\"><img loading=\"lazy\" decoding=\"async\" width=\"768\" height=\"1024\" data-id=\"9671\" src=\"https:\/\/kbs-wiesbaden.de\/cms\/wp-content\/uploads\/2023\/08\/20230524_154222-768x1024.jpg\" alt=\"\" class=\"wp-image-9671\" srcset=\"https:\/\/kbs-wiesbaden.de\/cms\/wp-content\/uploads\/2023\/08\/20230524_154222-768x1024.jpg 768w, https:\/\/kbs-wiesbaden.de\/cms\/wp-content\/uploads\/2023\/08\/20230524_154222-225x300.jpg 225w, https:\/\/kbs-wiesbaden.de\/cms\/wp-content\/uploads\/2023\/08\/20230524_154222-1152x1536.jpg 1152w, https:\/\/kbs-wiesbaden.de\/cms\/wp-content\/uploads\/2023\/08\/20230524_154222-1536x2048.jpg 1536w, https:\/\/kbs-wiesbaden.de\/cms\/wp-content\/uploads\/2023\/08\/20230524_154222-520x693.jpg 520w, https:\/\/kbs-wiesbaden.de\/cms\/wp-content\/uploads\/2023\/08\/20230524_154222-740x987.jpg 740w, https:\/\/kbs-wiesbaden.de\/cms\/wp-content\/uploads\/2023\/08\/20230524_154222-scaled.jpg 1920w\" sizes=\"auto, (max-width: 768px) 100vw, 768px\" \/><\/figure>\n\n\n\n<figure class=\"wp-block-image size-large is-style-default\"><img loading=\"lazy\" decoding=\"async\" width=\"1024\" height=\"768\" data-id=\"9596\" src=\"https:\/\/kbs-wiesbaden.de\/cms\/wp-content\/uploads\/2023\/08\/20230615_150440-1024x768.jpg\" alt=\"\" class=\"wp-image-9596\" srcset=\"https:\/\/kbs-wiesbaden.de\/cms\/wp-content\/uploads\/2023\/08\/20230615_150440-1024x768.jpg 1024w, https:\/\/kbs-wiesbaden.de\/cms\/wp-content\/uploads\/2023\/08\/20230615_150440-300x225.jpg 300w, https:\/\/kbs-wiesbaden.de\/cms\/wp-content\/uploads\/2023\/08\/20230615_150440-768x576.jpg 768w, https:\/\/kbs-wiesbaden.de\/cms\/wp-content\/uploads\/2023\/08\/20230615_150440-1536x1152.jpg 1536w, https:\/\/kbs-wiesbaden.de\/cms\/wp-content\/uploads\/2023\/08\/20230615_150440-2048x1536.jpg 2048w, https:\/\/kbs-wiesbaden.de\/cms\/wp-content\/uploads\/2023\/08\/20230615_150440-520x390.jpg 520w, https:\/\/kbs-wiesbaden.de\/cms\/wp-content\/uploads\/2023\/08\/20230615_150440-740x555.jpg 740w\" sizes=\"auto, (max-width: 1024px) 100vw, 1024px\" \/><\/figure>\n\n\n\n<figure class=\"wp-block-image size-large is-style-default\"><img loading=\"lazy\" decoding=\"async\" width=\"1024\" height=\"768\" data-id=\"9587\" src=\"https:\/\/kbs-wiesbaden.de\/cms\/wp-content\/uploads\/2023\/08\/20230615_160558-1024x768.jpg\" alt=\"\" class=\"wp-image-9587\" srcset=\"https:\/\/kbs-wiesbaden.de\/cms\/wp-content\/uploads\/2023\/08\/20230615_160558-1024x768.jpg 1024w, https:\/\/kbs-wiesbaden.de\/cms\/wp-content\/uploads\/2023\/08\/20230615_160558-300x225.jpg 300w, https:\/\/kbs-wiesbaden.de\/cms\/wp-content\/uploads\/2023\/08\/20230615_160558-768x576.jpg 768w, https:\/\/kbs-wiesbaden.de\/cms\/wp-content\/uploads\/2023\/08\/20230615_160558-1536x1152.jpg 1536w, https:\/\/kbs-wiesbaden.de\/cms\/wp-content\/uploads\/2023\/08\/20230615_160558-2048x1536.jpg 2048w, https:\/\/kbs-wiesbaden.de\/cms\/wp-content\/uploads\/2023\/08\/20230615_160558-520x390.jpg 520w, https:\/\/kbs-wiesbaden.de\/cms\/wp-content\/uploads\/2023\/08\/20230615_160558-740x555.jpg 740w\" sizes=\"auto, (max-width: 1024px) 100vw, 1024px\" \/><\/figure>\n<\/figure>\n","protected":false},"excerpt":{"rendered":"<p>Kontakt Angebote<\/p>\n","protected":false},"author":2,"featured_media":0,"parent":0,"menu_order":0,"comment_status":"closed","ping_status":"closed","template":"","meta":{"advanced_seo_description":"","jetpack_seo_html_title":"","jetpack_seo_noindex":false,"two_page_speed":[],"footnotes":""},"categories":[95],"tags":[],"class_list":["post-5365","page","type-page","status-publish","hentry","category-corona-kreativ"],"jetpack_sharing_enabled":true,"_links":{"self":[{"href":"https:\/\/kbs-wiesbaden.de\/cms\/index.php?rest_route=\/wp\/v2\/pages\/5365","targetHints":{"allow":["GET"]}}],"collection":[{"href":"https:\/\/kbs-wiesbaden.de\/cms\/index.php?rest_route=\/wp\/v2\/pages"}],"about":[{"href":"https:\/\/kbs-wiesbaden.de\/cms\/index.php?rest_route=\/wp\/v2\/types\/page"}],"author":[{"embeddable":true,"href":"https:\/\/kbs-wiesbaden.de\/cms\/index.php?rest_route=\/wp\/v2\/users\/2"}],"replies":[{"embeddable":true,"href":"https:\/\/kbs-wiesbaden.de\/cms\/index.php?rest_route=%2Fwp%2Fv2%2Fcomments&post=5365"}],"version-history":[{"count":10,"href":"https:\/\/kbs-wiesbaden.de\/cms\/index.php?rest_route=\/wp\/v2\/pages\/5365\/revisions"}],"predecessor-version":[{"id":11024,"href":"https:\/\/kbs-wiesbaden.de\/cms\/index.php?rest_route=\/wp\/v2\/pages\/5365\/revisions\/11024"}],"wp:attachment":[{"href":"https:\/\/kbs-wiesbaden.de\/cms\/index.php?rest_route=%2Fwp%2Fv2%2Fmedia&parent=5365"}],"wp:term":[{"taxonomy":"category","embeddable":true,"href":"https:\/\/kbs-wiesbaden.de\/cms\/index.php?rest_route=%2Fwp%2Fv2%2Fcategories&post=5365"},{"taxonomy":"post_tag","embeddable":true,"href":"https:\/\/kbs-wiesbaden.de\/cms\/index.php?rest_route=%2Fwp%2Fv2%2Ftags&post=5365"}],"curies":[{"name":"wp","href":"https:\/\/api.w.org\/{rel}","templated":true}]}}