{"id":53,"date":"2016-01-11T13:20:33","date_gmt":"2016-01-11T12:20:33","guid":{"rendered":"http:\/\/kbs-wiesbaden.de.w01409b0.kasserver.com\/cms\/?page_id=53"},"modified":"2024-02-19T14:05:57","modified_gmt":"2024-02-19T13:05:57","slug":"juz-trafohaus-2","status":"publish","type":"page","link":"https:\/\/kbs-wiesbaden.de\/cms\/?page_id=53","title":{"rendered":"Jugendzentrum Trafohaus"},"content":{"rendered":"\n<figure class=\"wp-block-gallery has-nested-images columns-default is-cropped wp-block-gallery-1 is-layout-flex wp-block-gallery-is-layout-flex\">\n<figure class=\"wp-block-image size-large is-style-default\"><img loading=\"lazy\" decoding=\"async\" width=\"490\" height=\"299\" data-id=\"8305\" src=\"https:\/\/kbs-wiesbaden.de\/cms\/wp-content\/uploads\/2022\/04\/trafohaus.png\" alt=\"\" class=\"wp-image-8305\" srcset=\"https:\/\/kbs-wiesbaden.de\/cms\/wp-content\/uploads\/2022\/04\/trafohaus.png 490w, https:\/\/kbs-wiesbaden.de\/cms\/wp-content\/uploads\/2022\/04\/trafohaus-300x183.png 300w\" sizes=\"auto, (max-width: 490px) 100vw, 490px\" \/><\/figure>\n\n\n\n<figure class=\"wp-block-image size-large is-style-default\"><img loading=\"lazy\" decoding=\"async\" width=\"662\" height=\"376\" data-id=\"6064\" src=\"https:\/\/kbs-wiesbaden.de\/cms\/wp-content\/uploads\/2020\/04\/Trafohaus-Challenge-1.png\" alt=\"\" class=\"wp-image-6064\" srcset=\"https:\/\/kbs-wiesbaden.de\/cms\/wp-content\/uploads\/2020\/04\/Trafohaus-Challenge-1.png 662w, https:\/\/kbs-wiesbaden.de\/cms\/wp-content\/uploads\/2020\/04\/Trafohaus-Challenge-1-300x170.png 300w, https:\/\/kbs-wiesbaden.de\/cms\/wp-content\/uploads\/2020\/04\/Trafohaus-Challenge-1-520x295.png 520w\" sizes=\"auto, (max-width: 662px) 100vw, 662px\" \/><\/figure>\n<\/figure>\n\n\n\n<p>Das Jugendzentrum Trafohaus richtet sich mit seinen Angeboten an alle Kinder und Jugendliche im Alter von 10-18 Jahren gleich welcher Herkunft.<\/p>\n\n\n\n<p>Unsere Angebote sind speziell auf die im Stadtteil lebenden Kinder und Jugendlichen ausgerichtet und werden immer wieder an die aktuellen W\u00fcnsche und Bed\u00fcrfnisse der Besucher angepasst.<\/p>\n\n\n\n<p class=\"has-luminous-vivid-amber-background-color has-background has-large-font-size\">Unsere Angebote <\/p>\n\n\n\n<figure class=\"wp-block-image size-full is-style-default\"><img loading=\"lazy\" decoding=\"async\" width=\"2560\" height=\"1685\" src=\"https:\/\/kbs-wiesbaden.de\/cms\/wp-content\/uploads\/2024\/02\/2024-02-01-Wochenplan-neu-scaled.jpg\" alt=\"\" class=\"wp-image-10074\" srcset=\"https:\/\/kbs-wiesbaden.de\/cms\/wp-content\/uploads\/2024\/02\/2024-02-01-Wochenplan-neu-scaled.jpg 2560w, https:\/\/kbs-wiesbaden.de\/cms\/wp-content\/uploads\/2024\/02\/2024-02-01-Wochenplan-neu-300x197.jpg 300w, https:\/\/kbs-wiesbaden.de\/cms\/wp-content\/uploads\/2024\/02\/2024-02-01-Wochenplan-neu-1024x674.jpg 1024w, https:\/\/kbs-wiesbaden.de\/cms\/wp-content\/uploads\/2024\/02\/2024-02-01-Wochenplan-neu-768x505.jpg 768w, https:\/\/kbs-wiesbaden.de\/cms\/wp-content\/uploads\/2024\/02\/2024-02-01-Wochenplan-neu-1536x1011.jpg 1536w, https:\/\/kbs-wiesbaden.de\/cms\/wp-content\/uploads\/2024\/02\/2024-02-01-Wochenplan-neu-2048x1348.jpg 2048w, https:\/\/kbs-wiesbaden.de\/cms\/wp-content\/uploads\/2024\/02\/2024-02-01-Wochenplan-neu-520x342.jpg 520w, https:\/\/kbs-wiesbaden.de\/cms\/wp-content\/uploads\/2024\/02\/2024-02-01-Wochenplan-neu-740x487.jpg 740w, https:\/\/kbs-wiesbaden.de\/cms\/wp-content\/uploads\/2024\/02\/2024-02-01-Wochenplan-neu-600x395.jpg 600w\" sizes=\"auto, (max-width: 2560px) 100vw, 2560px\" \/><\/figure>\n\n\n\n<ul class=\"wp-block-list\">\n<li>Mittagessen [<a href=\"https:\/\/kbs-wiesbaden.de\/cms\/wp-content\/uploads\/2019\/11\/Flyer-Trafohaus-isst-gut.pdf\">Download Spendenflyer<\/a>]<\/li>\n\n\n\n<li>Sch\u00fclerhilfeangebote<\/li>\n\n\n\n<li>M\u00e4dchen- und jungenspezifische Angebote<\/li>\n\n\n\n<li>Sportangebote<\/li>\n\n\n\n<li>Freizeiten<\/li>\n\n\n\n<li>Projekte<\/li>\n\n\n\n<li>\u201eoffener Treff\u201c, der Jugendlichen eine interkulturelle Begegnungsst\u00e4tte und Raum f\u00fcr die Umsetzung eigener Vorstellungen und W\u00fcnsche gibt<\/li>\n\n\n\n<li>regelm\u00e4\u00dfige Ausflugstage, die Kindern die M\u00f6glichkeit geben, ihr Blickfeld zu erweitern und gleichzeitig neue Aktivit\u00e4ten und Orte au\u00dferhalb des Stadtteils Wiesbaden Sauerland kennen zu lernen.<\/li>\n<\/ul>\n\n\n\n<p class=\"has-black-color has-luminous-vivid-amber-background-color has-text-color has-background has-large-font-size\">Kontakt<\/p>\n\n\n\n<p class=\"has-cyan-bluish-gray-background-color has-background\"><strong>Jugendzentrum Trafohaus<\/strong><br>Langeooger Str. 43, 65199 Wiesbaden<br>Tel. 0611 \/ 184 2441 ;&nbsp;<a href=\"mailto:kbs.trafohaus@ekhn.de\">E-Mail<\/a><br><strong>Postadresse<\/strong> KBS-Trafohaus, F\u00f6hrer Str. 72, 65199 Wiesbaden<\/p>\n\n\n\n<p>Montags und Mittwochs: 13.00 Uhr \u2013 21.00 Uhr<br>Dienstags und Donnerstags: 13.00 Uhr \u2013 19.00 Uhr<br>Freitags: 13.00 Uhr \u2013 18.00 Uhr<\/p>\n\n\n\n<p><\/p>\n\n\n\n<p>KBS \u2013 Jugendzentrum Trafohaus<br>F\u00f6hrer Str. 72, 65199 Wiesbaden<\/p>\n\n\n\n<div class=\"wp-block-media-text alignwide is-stacked-on-mobile\" style=\"grid-template-columns:25% auto\"><figure class=\"wp-block-media-text__media\"><img loading=\"lazy\" decoding=\"async\" width=\"682\" height=\"1024\" src=\"https:\/\/kbs-wiesbaden.de\/cms\/wp-content\/uploads\/2021\/09\/DSC02355-682x1024.jpg\" alt=\"\" class=\"wp-image-7727 size-full\" srcset=\"https:\/\/kbs-wiesbaden.de\/cms\/wp-content\/uploads\/2021\/09\/DSC02355-682x1024.jpg 682w, https:\/\/kbs-wiesbaden.de\/cms\/wp-content\/uploads\/2021\/09\/DSC02355-200x300.jpg 200w, https:\/\/kbs-wiesbaden.de\/cms\/wp-content\/uploads\/2021\/09\/DSC02355-768x1154.jpg 768w, https:\/\/kbs-wiesbaden.de\/cms\/wp-content\/uploads\/2021\/09\/DSC02355-1022x1536.jpg 1022w, https:\/\/kbs-wiesbaden.de\/cms\/wp-content\/uploads\/2021\/09\/DSC02355-1363x2048.jpg 1363w, https:\/\/kbs-wiesbaden.de\/cms\/wp-content\/uploads\/2021\/09\/DSC02355-520x781.jpg 520w, https:\/\/kbs-wiesbaden.de\/cms\/wp-content\/uploads\/2021\/09\/DSC02355-740x1112.jpg 740w, https:\/\/kbs-wiesbaden.de\/cms\/wp-content\/uploads\/2021\/09\/DSC02355-scaled.jpg 1704w\" sizes=\"auto, (max-width: 682px) 100vw, 682px\" \/><\/figure><div class=\"wp-block-media-text__content\">\n<p class=\"has-medium-font-size\">Tanja Vitucci<\/p>\n\n\n\n<p class=\"has-small-font-size\">Schwerpunkte sind die M\u00e4dchenarbeit <br>und das Jugendehrenamt<\/p>\n<\/div><\/div>\n\n\n\n<div class=\"wp-block-media-text alignwide is-stacked-on-mobile\" style=\"grid-template-columns:25% auto\"><figure class=\"wp-block-media-text__media\"><img loading=\"lazy\" decoding=\"async\" width=\"768\" height=\"1024\" src=\"https:\/\/kbs-wiesbaden.de\/cms\/wp-content\/uploads\/2022\/04\/Nele-1-768x1024.png\" alt=\"\" class=\"wp-image-8292 size-full\" srcset=\"https:\/\/kbs-wiesbaden.de\/cms\/wp-content\/uploads\/2022\/04\/Nele-1-768x1024.png 768w, https:\/\/kbs-wiesbaden.de\/cms\/wp-content\/uploads\/2022\/04\/Nele-1-225x300.png 225w, https:\/\/kbs-wiesbaden.de\/cms\/wp-content\/uploads\/2022\/04\/Nele-1-1152x1536.png 1152w, https:\/\/kbs-wiesbaden.de\/cms\/wp-content\/uploads\/2022\/04\/Nele-1-520x693.png 520w, https:\/\/kbs-wiesbaden.de\/cms\/wp-content\/uploads\/2022\/04\/Nele-1-740x987.png 740w, https:\/\/kbs-wiesbaden.de\/cms\/wp-content\/uploads\/2022\/04\/Nele-1.png 1224w\" sizes=\"auto, (max-width: 768px) 100vw, 768px\" \/><\/figure><div class=\"wp-block-media-text__content\">\n<p class=\"has-medium-font-size\">Nele Rokossa<\/p>\n\n\n\n<p class=\"has-small-font-size\">Schwerpunkte sind die Jugend-<br>und die Projektarbeit<\/p>\n<\/div><\/div>\n\n\n\n<div class=\"wp-block-media-text alignwide is-stacked-on-mobile\" style=\"grid-template-columns:25% auto\"><figure class=\"wp-block-media-text__media\"><img loading=\"lazy\" decoding=\"async\" width=\"682\" height=\"1024\" src=\"https:\/\/kbs-wiesbaden.de\/cms\/wp-content\/uploads\/2021\/09\/DSC02372-682x1024.jpg\" alt=\"\" class=\"wp-image-7728 size-full\" srcset=\"https:\/\/kbs-wiesbaden.de\/cms\/wp-content\/uploads\/2021\/09\/DSC02372-682x1024.jpg 682w, https:\/\/kbs-wiesbaden.de\/cms\/wp-content\/uploads\/2021\/09\/DSC02372-200x300.jpg 200w, https:\/\/kbs-wiesbaden.de\/cms\/wp-content\/uploads\/2021\/09\/DSC02372-768x1154.jpg 768w, https:\/\/kbs-wiesbaden.de\/cms\/wp-content\/uploads\/2021\/09\/DSC02372-1022x1536.jpg 1022w, https:\/\/kbs-wiesbaden.de\/cms\/wp-content\/uploads\/2021\/09\/DSC02372-1363x2048.jpg 1363w, https:\/\/kbs-wiesbaden.de\/cms\/wp-content\/uploads\/2021\/09\/DSC02372-520x781.jpg 520w, https:\/\/kbs-wiesbaden.de\/cms\/wp-content\/uploads\/2021\/09\/DSC02372-740x1112.jpg 740w, https:\/\/kbs-wiesbaden.de\/cms\/wp-content\/uploads\/2021\/09\/DSC02372-scaled.jpg 1704w\" sizes=\"auto, (max-width: 682px) 100vw, 682px\" \/><\/figure><div class=\"wp-block-media-text__content\">\n<p class=\"has-medium-font-size\">Lukas Heun<\/p>\n\n\n\n<p class=\"has-small-font-size\">Schwerpunkte sind die Erlebnisp\u00e4dagogik<br>und die Teeniearbeit<\/p>\n<\/div><\/div>\n\n\n\n<div class=\"wp-block-media-text alignwide is-stacked-on-mobile\" style=\"grid-template-columns:25% auto\"><figure class=\"wp-block-media-text__media\"><img loading=\"lazy\" decoding=\"async\" width=\"682\" height=\"1024\" src=\"https:\/\/kbs-wiesbaden.de\/cms\/wp-content\/uploads\/2021\/09\/DSC02378-682x1024.jpg\" alt=\"\" class=\"wp-image-7729 size-full\" srcset=\"https:\/\/kbs-wiesbaden.de\/cms\/wp-content\/uploads\/2021\/09\/DSC02378-682x1024.jpg 682w, https:\/\/kbs-wiesbaden.de\/cms\/wp-content\/uploads\/2021\/09\/DSC02378-200x300.jpg 200w, https:\/\/kbs-wiesbaden.de\/cms\/wp-content\/uploads\/2021\/09\/DSC02378-768x1154.jpg 768w, https:\/\/kbs-wiesbaden.de\/cms\/wp-content\/uploads\/2021\/09\/DSC02378-1022x1536.jpg 1022w, https:\/\/kbs-wiesbaden.de\/cms\/wp-content\/uploads\/2021\/09\/DSC02378-1363x2048.jpg 1363w, https:\/\/kbs-wiesbaden.de\/cms\/wp-content\/uploads\/2021\/09\/DSC02378-520x781.jpg 520w, https:\/\/kbs-wiesbaden.de\/cms\/wp-content\/uploads\/2021\/09\/DSC02378-740x1112.jpg 740w, https:\/\/kbs-wiesbaden.de\/cms\/wp-content\/uploads\/2021\/09\/DSC02378-scaled.jpg 1704w\" sizes=\"auto, (max-width: 682px) 100vw, 682px\" \/><\/figure><div class=\"wp-block-media-text__content\">\n<p class=\"has-medium-font-size\">Andreas Kurz<\/p>\n\n\n\n<p class=\"has-small-font-size\">Schwerpunkt ist die Medienp\u00e4dagogik<br>und die Jungenarbeit<\/p>\n<\/div><\/div>\n\n\n\n<p>Jugendzentrum Trafohaus Tel 0611 184 2441<\/p>\n\n\n\n<p><\/p>\n","protected":false},"excerpt":{"rendered":"<p>Das Jugendzentrum Trafohaus richtet sich mit seinen Angeboten an alle Kinder und Jugendliche im Alter von 10-18 Jahren gleich welcher Herkunft. Unsere Angebote sind speziell auf die im Stadtteil lebenden Kinder und Jugendlichen ausgerichtet und<a class=\"read-more\" href=\"https:\/\/kbs-wiesbaden.de\/cms\/?page_id=53\">&#8230; lesen Sie mehr.<\/a><\/p>\n","protected":false},"author":1,"featured_media":3779,"parent":5766,"menu_order":0,"comment_status":"closed","ping_status":"closed","template":"","meta":{"advanced_seo_description":"","jetpack_seo_html_title":"","jetpack_seo_noindex":false,"two_page_speed":[],"footnotes":""},"categories":[176],"tags":[],"class_list":["post-53","page","type-page","status-publish","has-post-thumbnail","hentry","category-trafohaus"],"jetpack_sharing_enabled":true,"_links":{"self":[{"href":"https:\/\/kbs-wiesbaden.de\/cms\/index.php?rest_route=\/wp\/v2\/pages\/53","targetHints":{"allow":["GET"]}}],"collection":[{"href":"https:\/\/kbs-wiesbaden.de\/cms\/index.php?rest_route=\/wp\/v2\/pages"}],"about":[{"href":"https:\/\/kbs-wiesbaden.de\/cms\/index.php?rest_route=\/wp\/v2\/types\/page"}],"author":[{"embeddable":true,"href":"https:\/\/kbs-wiesbaden.de\/cms\/index.php?rest_route=\/wp\/v2\/users\/1"}],"replies":[{"embeddable":true,"href":"https:\/\/kbs-wiesbaden.de\/cms\/index.php?rest_route=%2Fwp%2Fv2%2Fcomments&post=53"}],"version-history":[{"count":42,"href":"https:\/\/kbs-wiesbaden.de\/cms\/index.php?rest_route=\/wp\/v2\/pages\/53\/revisions"}],"predecessor-version":[{"id":10076,"href":"https:\/\/kbs-wiesbaden.de\/cms\/index.php?rest_route=\/wp\/v2\/pages\/53\/revisions\/10076"}],"up":[{"embeddable":true,"href":"https:\/\/kbs-wiesbaden.de\/cms\/index.php?rest_route=\/wp\/v2\/pages\/5766"}],"wp:featuredmedia":[{"embeddable":true,"href":"https:\/\/kbs-wiesbaden.de\/cms\/index.php?rest_route=\/wp\/v2\/media\/3779"}],"wp:attachment":[{"href":"https:\/\/kbs-wiesbaden.de\/cms\/index.php?rest_route=%2Fwp%2Fv2%2Fmedia&parent=53"}],"wp:term":[{"taxonomy":"category","embeddable":true,"href":"https:\/\/kbs-wiesbaden.de\/cms\/index.php?rest_route=%2Fwp%2Fv2%2Fcategories&post=53"},{"taxonomy":"post_tag","embeddable":true,"href":"https:\/\/kbs-wiesbaden.de\/cms\/index.php?rest_route=%2Fwp%2Fv2%2Ftags&post=53"}],"curies":[{"name":"wp","href":"https:\/\/api.w.org\/{rel}","templated":true}]}}