{"id":3449,"date":"2016-01-20T15:57:39","date_gmt":"2016-01-20T14:57:39","guid":{"rendered":"http:\/\/kbs-wiesbaden.de.w01409b0.kasserver.com\/cms\/?page_id=3449"},"modified":"2023-08-11T13:14:58","modified_gmt":"2023-08-11T11:14:58","slug":"spendenformular","status":"publish","type":"page","link":"https:\/\/kbs-wiesbaden.de\/cms\/?page_id=3449","title":{"rendered":"Ihre Spende kommt den Bewohner:innen direkt zu Gute!"},"content":{"rendered":"\n<p>Wir freuen uns \u00fcber Ihre Unterst\u00fctzung und sagen von Herzen DANKE!<\/p>\n\n\n\n<p class=\"has-black-color has-luminous-vivid-amber-background-color has-text-color has-background has-medium-font-size\">Trafohaus is(s)t gut<\/p>\n\n\n\n<p>Spenden k\u00f6nnen sie gerne f\u00fcr unser Projekt <strong>&#8222;Trafohaus isst gut&#8220;<\/strong> bei dem wir bis zu 20 Kindern ein warmes Mittagessen erm\u00f6glichen. Dieses ist ausschlie\u00dflich \u00fcber Spenden finanziert und somit auf ihre Unterst\u00fctzung angewiesen.<\/p>\n\n\n\n<ul class=\"wp-block-list\">\n<li>Bankverbindung<br>Erl\u00f6sergemeinde Wiesbaden Sauerland<br>Wiesbadener Volksbank<br>IBAN DE12 5109 0000 0015 1609 00<br>Verwendungszweck: Trafohaus isst gut<\/li>\n<\/ul>\n\n\n\n<p class=\"has-black-color has-luminous-vivid-amber-background-color has-text-color has-background has-medium-font-size\">KBS &#8211; Gemeinwesenarbeit<\/p>\n\n\n\n<p>Gerne k\u00f6nnen sie auch generell die Arbeit des <strong>KBS<\/strong> unterst\u00fctzen.<\/p>\n\n\n\n<p>Unser <strong>Stadtteilchor<\/strong> z. B. ist ein Angebot, dass auf aktive und passive Mitwirkende angewiesen ist. Ihre Spende unterst\u00fctzt dieses Projekt, denn &#8222;Singen macht gl\u00fccklich&#8220;!<\/p>\n\n\n\n<ul class=\"wp-block-list\">\n<li>Bankverbindung<br>Wiesbadener Volksbank<br>Erl\u00f6sergemeinde Wiesbaden Sauerland<br>IBAN DE39 5109 0000 0015 1608 02<\/li>\n<\/ul>\n\n\n\n<p class=\"has-black-color has-luminous-vivid-amber-background-color has-text-color has-background has-medium-font-size\">Spendenquittung<\/p>\n\n\n\n<p>Bitte gebe sie uns per E-Mail oder telefonisch Bescheid, wenn sie eine Spendenquittung ben\u00f6tigen. Diese stellen wir Ihnen selbstverst\u00e4ndlich gerne aus, wenn sie uns ihre pers\u00f6nlichen Daten zukommen lassen.\u00a0 Aus Datenschutzgr\u00fcnden werden diese nicht automatisch erhoben.<\/p>\n","protected":false},"excerpt":{"rendered":"<p>Wir freuen uns \u00fcber Ihre Unterst\u00fctzung und sagen von Herzen DANKE! Trafohaus is(s)t gut Spenden k\u00f6nnen sie gerne f\u00fcr unser Projekt &#8222;Trafohaus isst gut&#8220; bei dem wir bis zu 20 Kindern ein warmes Mittagessen erm\u00f6glichen.<a class=\"read-more\" href=\"https:\/\/kbs-wiesbaden.de\/cms\/?page_id=3449\">&#8230; lesen Sie mehr.<\/a><\/p>\n","protected":false},"author":1,"featured_media":0,"parent":0,"menu_order":0,"comment_status":"closed","ping_status":"closed","template":"","meta":{"advanced_seo_description":"","jetpack_seo_html_title":"","jetpack_seo_noindex":false,"two_page_speed":[],"footnotes":""},"categories":[],"tags":[],"class_list":["post-3449","page","type-page","status-publish","hentry"],"jetpack_sharing_enabled":true,"_links":{"self":[{"href":"https:\/\/kbs-wiesbaden.de\/cms\/index.php?rest_route=\/wp\/v2\/pages\/3449","targetHints":{"allow":["GET"]}}],"collection":[{"href":"https:\/\/kbs-wiesbaden.de\/cms\/index.php?rest_route=\/wp\/v2\/pages"}],"about":[{"href":"https:\/\/kbs-wiesbaden.de\/cms\/index.php?rest_route=\/wp\/v2\/types\/page"}],"author":[{"embeddable":true,"href":"https:\/\/kbs-wiesbaden.de\/cms\/index.php?rest_route=\/wp\/v2\/users\/1"}],"replies":[{"embeddable":true,"href":"https:\/\/kbs-wiesbaden.de\/cms\/index.php?rest_route=%2Fwp%2Fv2%2Fcomments&post=3449"}],"version-history":[{"count":10,"href":"https:\/\/kbs-wiesbaden.de\/cms\/index.php?rest_route=\/wp\/v2\/pages\/3449\/revisions"}],"predecessor-version":[{"id":9835,"href":"https:\/\/kbs-wiesbaden.de\/cms\/index.php?rest_route=\/wp\/v2\/pages\/3449\/revisions\/9835"}],"wp:attachment":[{"href":"https:\/\/kbs-wiesbaden.de\/cms\/index.php?rest_route=%2Fwp%2Fv2%2Fmedia&parent=3449"}],"wp:term":[{"taxonomy":"category","embeddable":true,"href":"https:\/\/kbs-wiesbaden.de\/cms\/index.php?rest_route=%2Fwp%2Fv2%2Fcategories&post=3449"},{"taxonomy":"post_tag","embeddable":true,"href":"https:\/\/kbs-wiesbaden.de\/cms\/index.php?rest_route=%2Fwp%2Fv2%2Ftags&post=3449"}],"curies":[{"name":"wp","href":"https:\/\/api.w.org\/{rel}","templated":true}]}}